{"id":1983,"date":"2021-05-03T11:58:31","date_gmt":"2021-05-03T14:58:31","guid":{"rendered":"https:\/\/www.hidroenergia.com.br\/blog\/?page_id=1983"},"modified":"2026-02-17T10:41:23","modified_gmt":"2026-02-17T13:41:23","slug":"pagina-blog-home","status":"publish","type":"page","link":"https:\/\/www.hidroenergia.com.br\/blog\/","title":{"rendered":"P\u00e1gina Blog-home"},"content":{"rendered":"<p>[et_pb_section fb_built=&#8221;1&#8243; fullwidth=&#8221;on&#8221; _builder_version=&#8221;4.16&#8243; _module_preset=&#8221;default&#8221; max_height=&#8221;100px&#8221; global_colors_info=&#8221;{}&#8221;][et_pb_fullwidth_menu menu_id=&#8221;42&#8243; disabled_on=&#8221;on|on|off&#8221; _builder_version=&#8221;4.16&#8243; _module_preset=&#8221;default&#8221; global_colors_info=&#8221;{}&#8221;][\/et_pb_fullwidth_menu][\/et_pb_section][et_pb_section fb_built=&#8221;1&#8243; _builder_version=&#8221;4.16&#8243; _module_preset=&#8221;default&#8221; max_height=&#8221;143px&#8221; global_colors_info=&#8221;{}&#8221;][et_pb_row disabled_on=&#8221;off|off|on&#8221; _builder_version=&#8221;4.16&#8243; _module_preset=&#8221;default&#8221; background_color=&#8221;#ececec&#8221; global_colors_info=&#8221;{}&#8221;][et_pb_column type=&#8221;4_4&#8243; _builder_version=&#8221;4.16&#8243; _module_preset=&#8221;default&#8221; global_colors_info=&#8221;{}&#8221;][et_pb_text _builder_version=&#8221;4.16&#8243; _module_preset=&#8221;default&#8221; text_text_color=&#8221;#000000&#8243; link_text_color=&#8221;#000000&#8243; background_color=&#8221;#ececec&#8221; max_height=&#8221;1000px&#8221; global_colors_info=&#8221;{}&#8221;]<\/p>\n<p style=\"text-align: center;\">\n<p style=\"text-align: center;\"><a href=\"https:\/\/www.hidroenergia.com.br\/blog\/category\/acontece-na-hidroenergia\/\">Acontece<\/a><\/p>\n<p style=\"text-align: center;\"><a href=\"https:\/\/www.hidroenergia.com.br\/blog\/category\/artigos-cientificos\/\">Artigos<\/a><\/p>\n<p style=\"text-align: center;\"><a href=\"https:\/\/www.hidroenergia.com.br\/blog\/category\/curiosidades\/\">Curiosidades e Dicas<\/a><\/p>\n<p style=\"text-align: center;\"><a href=\"https:\/\/www.hidroenergia.com.br\/blog\/category\/geral\/\">Mercado<\/a><\/p>\n<p style=\"text-align: center;\"><a href=\"https:\/\/www.hidroenergia.com.br\/blog\/category\/empresas\/\">Clientes e Projetos<\/a><\/p>\n<p>[\/et_pb_text][\/et_pb_column][\/et_pb_row][\/et_pb_section][et_pb_section fb_built=&#8221;1&#8243; _builder_version=&#8221;4.16&#8243; _module_preset=&#8221;default&#8221; global_colors_info=&#8221;{}&#8221;][et_pb_row _builder_version=&#8221;4.27.4&#8243; _module_preset=&#8221;default&#8221; global_colors_info=&#8221;{}&#8221;][et_pb_column type=&#8221;4_4&#8243; _builder_version=&#8221;4.27.4&#8243; _module_preset=&#8221;default&#8221; global_colors_info=&#8221;{}&#8221;][et_pb_text _builder_version=&#8221;4.27.4&#8243; _module_preset=&#8221;default&#8221; text_font=&#8221;|700|||||||&#8221; header_font=&#8221;|700|||||||&#8221; header_text_align=&#8221;center&#8221; header_font_size=&#8221;46px&#8221; header_font_size_tablet=&#8221;46px&#8221; header_font_size_phone=&#8221;34px&#8221; header_font_size_last_edited=&#8221;on|phone&#8221; global_colors_info=&#8221;{}&#8221;]<\/p>\n<h1><strong>Blog Hidroenergia<\/strong><\/h1>\n<p>[\/et_pb_text][\/et_pb_column][\/et_pb_row][et_pb_row column_structure=&#8221;1_2,1_2&#8243; make_equal=&#8221;on&#8221; disabled_on=&#8221;on|on|off&#8221; _builder_version=&#8221;4.27.4&#8243; _module_preset=&#8221;default&#8221; width=&#8221;100%&#8221; max_width=&#8221;100%&#8221; custom_margin=&#8221;||-120px||false|false&#8221; custom_padding=&#8221;20px|50px||50px|false|true&#8221; locked=&#8221;off&#8221; global_colors_info=&#8221;{}&#8221;][et_pb_column type=&#8221;1_2&#8243; _builder_version=&#8221;4.27.4&#8243; _module_preset=&#8221;default&#8221; global_colors_info=&#8221;{}&#8221;][et_pb_blog posts_number=&#8221;1&#8243; use_manual_excerpt=&#8221;off&#8221; show_author=&#8221;off&#8221; show_date=&#8221;off&#8221; show_categories=&#8221;off&#8221; show_excerpt=&#8221;off&#8221; show_pagination=&#8221;off&#8221; _builder_version=&#8221;4.27.4&#8243; _module_preset=&#8221;default&#8221; header_font=&#8221;|300|||||||&#8221; header_text_color=&#8221;rgba(209,209,209,0)&#8221; header_font_size=&#8221;1px&#8221; border_radii_fullwidth=&#8221;on|10px|10px|10px|10px&#8221; global_colors_info=&#8221;{}&#8221;][\/et_pb_blog][\/et_pb_column][et_pb_column type=&#8221;1_2&#8243; _builder_version=&#8221;4.16&#8243; _module_preset=&#8221;default&#8221; global_colors_info=&#8221;{}&#8221;][et_pb_blog posts_number=&#8221;1&#8243; show_thumbnail=&#8221;off&#8221; show_more=&#8221;on&#8221; show_pagination=&#8221;off&#8221; _builder_version=&#8221;4.27.4&#8243; _module_preset=&#8221;default&#8221; header_font=&#8221;|700|||||||&#8221; read_more_text_color=&#8221;#cc5e1f&#8221; custom_padding=&#8221;80px||||false|false&#8221; global_colors_info=&#8221;{}&#8221;][\/et_pb_blog][\/et_pb_column][\/et_pb_row][\/et_pb_section][et_pb_section fb_built=&#8221;1&#8243; _builder_version=&#8221;4.16&#8243; _module_preset=&#8221;default&#8221; custom_margin=&#8221;-2px|||||&#8221; global_colors_info=&#8221;{}&#8221;][et_pb_row admin_label=&#8221;tiago_teste&#8221; _builder_version=&#8221;4.16&#8243; _module_preset=&#8221;default&#8221; global_colors_info=&#8221;{}&#8221;][et_pb_column type=&#8221;4_4&#8243; _builder_version=&#8221;4.16&#8243; _module_preset=&#8221;default&#8221; global_colors_info=&#8221;{}&#8221;][et_pb_blog fullwidth=&#8221;off&#8221; posts_number=&#8221;12&#8243; include_categories=&#8221;all&#8221; meta_date=&#8221;j\/m\/Y&#8221; show_author=&#8221;off&#8221; _builder_version=&#8221;4.27.4&#8243; _module_preset=&#8221;default&#8221; header_font=&#8221;|700|||||||&#8221; header_text_color=&#8221;#263563&#8243; header_font_size=&#8221;24px&#8221; header_line_height=&#8221;1.1em&#8221; body_text_color=&#8221;#252525&#8243; body_font_size=&#8221;1rem&#8221; meta_text_color=&#8221;#ce5d1c&#8221; read_more_text_color=&#8221;#263563&#8243; global_colors_info=&#8221;{}&#8221;][\/et_pb_blog][et_pb_blog fullwidth=&#8221;off&#8221; posts_number=&#8221;12&#8243; include_categories=&#8221;all&#8221; meta_date=&#8221;j\/m\/Y&#8221; show_author=&#8221;off&#8221; _builder_version=&#8221;4.16&#8243; _module_preset=&#8221;default&#8221; header_font=&#8221;|700|||||||&#8221; header_text_color=&#8221;#263563&#8243; header_font_size=&#8221;2rem&#8221; header_line_height=&#8221;1.1em&#8221; body_text_color=&#8221;#252525&#8243; body_font_size=&#8221;1rem&#8221; meta_text_color=&#8221;#ce5d1c&#8221; read_more_text_color=&#8221;#263563&#8243; global_colors_info=&#8221;{}&#8221;][\/et_pb_blog][\/et_pb_column][\/et_pb_row][\/et_pb_section][et_pb_section fb_built=&#8221;1&#8243; _builder_version=&#8221;4.27.4&#8243; _module_preset=&#8221;default&#8221; custom_padding=&#8221;||||false|false&#8221; global_colors_info=&#8221;{}&#8221;][\/et_pb_section]<\/p>\n","protected":false},"excerpt":{"rendered":"<p>Acontece Artigos Curiosidades e Dicas Mercado Clientes e ProjetosBlog Hidroenergia<\/p>\n","protected":false},"author":2,"featured_media":0,"parent":0,"menu_order":0,"comment_status":"closed","ping_status":"closed","template":"","meta":{"_et_pb_use_builder":"on","_et_pb_old_content":"","_et_gb_content_width":"","footnotes":""},"class_list":["post-1983","page","type-page","status-publish","hentry"],"yoast_head":"<!-- This site is optimized with the Yoast SEO plugin v27.2 - https:\/\/yoast.com\/product\/yoast-seo-wordpress\/ -->\n<title>Blog | Hidroenergia Engenharia e Automa\u00e7\u00e3o<\/title>\n<meta name=\"description\" content=\"A Hidroenergia \u00e9 uma empresa brasileira com projetos globais de hidrel\u00e9tricas. Desenvolvemos tecnologias pr\u00f3prias para cada ferramenta necess\u00e1ria nas obras.\" \/>\n<meta name=\"robots\" content=\"index, follow, max-snippet:-1, max-image-preview:large, max-video-preview:-1\" \/>\n<link rel=\"canonical\" href=\"https:\/\/www.hidroenergia.com.br\/blog\/\" \/>\n<meta property=\"og:locale\" content=\"pt_BR\" \/>\n<meta property=\"og:type\" content=\"article\" \/>\n<meta property=\"og:title\" content=\"Blog | Hidroenergia Engenharia e Automa\u00e7\u00e3o\" \/>\n<meta property=\"og:description\" content=\"A Hidroenergia \u00e9 uma empresa brasileira com projetos globais de hidrel\u00e9tricas. Desenvolvemos tecnologias pr\u00f3prias para cada ferramenta necess\u00e1ria nas obras.\" \/>\n<meta property=\"og:url\" content=\"https:\/\/www.hidroenergia.com.br\/blog\/\" \/>\n<meta property=\"og:site_name\" content=\"Hidroenergia Engenharia e Automa\u00e7\u00e3o\" \/>\n<meta property=\"article:publisher\" content=\"https:\/\/www.facebook.com\/hidroenergiapch\" \/>\n<meta property=\"article:modified_time\" content=\"2026-02-17T13:41:23+00:00\" \/>\n<meta name=\"twitter:card\" content=\"summary_large_image\" \/>\n<meta name=\"twitter:site\" content=\"@hidroenergia\" \/>\n<meta name=\"twitter:label1\" content=\"Est. tempo de leitura\" \/>\n\t<meta name=\"twitter:data1\" content=\"13 minutos\" \/>\n<script type=\"application\/ld+json\" class=\"yoast-schema-graph\">{\"@context\":\"https:\/\/schema.org\",\"@graph\":[{\"@type\":\"WebPage\",\"@id\":\"https:\/\/www.hidroenergia.com.br\/blog\/\",\"url\":\"https:\/\/www.hidroenergia.com.br\/blog\/\",\"name\":\"Blog | Hidroenergia Engenharia e Automa\u00e7\u00e3o\",\"isPartOf\":{\"@id\":\"https:\/\/www.hidroenergia.com.br\/blog\/#website\"},\"datePublished\":\"2021-05-03T14:58:31+00:00\",\"dateModified\":\"2026-02-17T13:41:23+00:00\",\"description\":\"A Hidroenergia \u00e9 uma empresa brasileira com projetos globais de hidrel\u00e9tricas. Desenvolvemos tecnologias pr\u00f3prias para cada ferramenta necess\u00e1ria nas obras.\",\"breadcrumb\":{\"@id\":\"https:\/\/www.hidroenergia.com.br\/blog\/#breadcrumb\"},\"inLanguage\":\"pt-BR\",\"potentialAction\":[{\"@type\":\"ReadAction\",\"target\":[\"https:\/\/www.hidroenergia.com.br\/blog\/\"]}]},{\"@type\":\"BreadcrumbList\",\"@id\":\"https:\/\/www.hidroenergia.com.br\/blog\/#breadcrumb\",\"itemListElement\":[{\"@type\":\"ListItem\",\"position\":1,\"name\":\"In\u00edcio\",\"item\":\"https:\/\/www.hidroenergia.com.br\/blog\/\"},{\"@type\":\"ListItem\",\"position\":2,\"name\":\"P\u00e1gina Blog-home\"}]},{\"@type\":\"WebSite\",\"@id\":\"https:\/\/www.hidroenergia.com.br\/blog\/#website\",\"url\":\"https:\/\/www.hidroenergia.com.br\/blog\/\",\"name\":\"Hidroenergia Engenharia e Automa\u00e7\u00e3o\",\"description\":\"Refer\u00eancia mundial em constru\u00e7\u00e3o de hidrel\u00e9tricas de pequeno porte!\",\"potentialAction\":[{\"@type\":\"SearchAction\",\"target\":{\"@type\":\"EntryPoint\",\"urlTemplate\":\"https:\/\/www.hidroenergia.com.br\/blog\/?s={search_term_string}\"},\"query-input\":{\"@type\":\"PropertyValueSpecification\",\"valueRequired\":true,\"valueName\":\"search_term_string\"}}],\"inLanguage\":\"pt-BR\"}]}<\/script>\n<!-- \/ Yoast SEO plugin. -->","yoast_head_json":{"title":"Blog | Hidroenergia Engenharia e Automa\u00e7\u00e3o","description":"A Hidroenergia \u00e9 uma empresa brasileira com projetos globais de hidrel\u00e9tricas. Desenvolvemos tecnologias pr\u00f3prias para cada ferramenta necess\u00e1ria nas obras.","robots":{"index":"index","follow":"follow","max-snippet":"max-snippet:-1","max-image-preview":"max-image-preview:large","max-video-preview":"max-video-preview:-1"},"canonical":"https:\/\/www.hidroenergia.com.br\/blog\/","og_locale":"pt_BR","og_type":"article","og_title":"Blog | Hidroenergia Engenharia e Automa\u00e7\u00e3o","og_description":"A Hidroenergia \u00e9 uma empresa brasileira com projetos globais de hidrel\u00e9tricas. Desenvolvemos tecnologias pr\u00f3prias para cada ferramenta necess\u00e1ria nas obras.","og_url":"https:\/\/www.hidroenergia.com.br\/blog\/","og_site_name":"Hidroenergia Engenharia e Automa\u00e7\u00e3o","article_publisher":"https:\/\/www.facebook.com\/hidroenergiapch","article_modified_time":"2026-02-17T13:41:23+00:00","twitter_card":"summary_large_image","twitter_site":"@hidroenergia","twitter_misc":{"Est. tempo de leitura":"13 minutos"},"schema":{"@context":"https:\/\/schema.org","@graph":[{"@type":"WebPage","@id":"https:\/\/www.hidroenergia.com.br\/blog\/","url":"https:\/\/www.hidroenergia.com.br\/blog\/","name":"Blog | Hidroenergia Engenharia e Automa\u00e7\u00e3o","isPartOf":{"@id":"https:\/\/www.hidroenergia.com.br\/blog\/#website"},"datePublished":"2021-05-03T14:58:31+00:00","dateModified":"2026-02-17T13:41:23+00:00","description":"A Hidroenergia \u00e9 uma empresa brasileira com projetos globais de hidrel\u00e9tricas. Desenvolvemos tecnologias pr\u00f3prias para cada ferramenta necess\u00e1ria nas obras.","breadcrumb":{"@id":"https:\/\/www.hidroenergia.com.br\/blog\/#breadcrumb"},"inLanguage":"pt-BR","potentialAction":[{"@type":"ReadAction","target":["https:\/\/www.hidroenergia.com.br\/blog\/"]}]},{"@type":"BreadcrumbList","@id":"https:\/\/www.hidroenergia.com.br\/blog\/#breadcrumb","itemListElement":[{"@type":"ListItem","position":1,"name":"In\u00edcio","item":"https:\/\/www.hidroenergia.com.br\/blog\/"},{"@type":"ListItem","position":2,"name":"P\u00e1gina Blog-home"}]},{"@type":"WebSite","@id":"https:\/\/www.hidroenergia.com.br\/blog\/#website","url":"https:\/\/www.hidroenergia.com.br\/blog\/","name":"Hidroenergia Engenharia e Automa\u00e7\u00e3o","description":"Refer\u00eancia mundial em constru\u00e7\u00e3o de hidrel\u00e9tricas de pequeno porte!","potentialAction":[{"@type":"SearchAction","target":{"@type":"EntryPoint","urlTemplate":"https:\/\/www.hidroenergia.com.br\/blog\/?s={search_term_string}"},"query-input":{"@type":"PropertyValueSpecification","valueRequired":true,"valueName":"search_term_string"}}],"inLanguage":"pt-BR"}]}},"_links":{"self":[{"href":"https:\/\/www.hidroenergia.com.br\/blog\/wp-json\/wp\/v2\/pages\/1983","targetHints":{"allow":["GET"]}}],"collection":[{"href":"https:\/\/www.hidroenergia.com.br\/blog\/wp-json\/wp\/v2\/pages"}],"about":[{"href":"https:\/\/www.hidroenergia.com.br\/blog\/wp-json\/wp\/v2\/types\/page"}],"author":[{"embeddable":true,"href":"https:\/\/www.hidroenergia.com.br\/blog\/wp-json\/wp\/v2\/users\/2"}],"replies":[{"embeddable":true,"href":"https:\/\/www.hidroenergia.com.br\/blog\/wp-json\/wp\/v2\/comments?post=1983"}],"version-history":[{"count":61,"href":"https:\/\/www.hidroenergia.com.br\/blog\/wp-json\/wp\/v2\/pages\/1983\/revisions"}],"predecessor-version":[{"id":3511,"href":"https:\/\/www.hidroenergia.com.br\/blog\/wp-json\/wp\/v2\/pages\/1983\/revisions\/3511"}],"wp:attachment":[{"href":"https:\/\/www.hidroenergia.com.br\/blog\/wp-json\/wp\/v2\/media?parent=1983"}],"curies":[{"name":"wp","href":"https:\/\/api.w.org\/{rel}","templated":true}]}}